{"id":1013,"date":"2017-05-15T05:54:42","date_gmt":"2017-05-15T05:54:42","guid":{"rendered":"http:\/\/transparency.dev4.webkoenig.ch\/?page_id=1013\/"},"modified":"2024-03-01T12:18:09","modified_gmt":"2024-03-01T10:18:09","slug":"home","status":"publish","type":"page","link":"https:\/\/transparency.ch\/fr\/","title":{"rendered":"Home"},"content":{"rendered":"<h2>Twitter<\/h2>\n<span id='ctf-no-id'>Aucun flux n\u2019a \u00e9t\u00e9 trouv\u00e9 avec l\u2019ID 1. Allez sur la page <a href=\"https:\/\/transparency.ch\/wp-admin\/admin.php?page=ctf-feed-builder\">Tous les flux<\/a> et s\u00e9lectionnez un ID dans un flux existant.<\/span><br \/><br \/>\n<h2>Newsletter<\/h2>\n<p>Abonnez-vous \u00e0 notre bulletin d\u2019information pour rester au courant de l\u2019actualit\u00e9 de la corruption en Suisse.<\/p>\n","protected":false},"excerpt":{"rendered":"<p>Twitter Newsletter Abonnez-vous \u00e0 notre bulletin d\u2019information pour rester au courant de l\u2019actualit\u00e9 de la corruption en Suisse.<\/p>\n","protected":false},"author":2,"featured_media":3355,"parent":0,"menu_order":0,"comment_status":"closed","ping_status":"closed","template":"template-home.php","meta":{"_acf_changed":false,"footnotes":""},"acf":[],"yoast_head":"<!-- This site is optimized with the Yoast SEO plugin v23.5 - https:\/\/yoast.com\/wordpress\/plugins\/seo\/ -->\n<title>Home | Transparency International CH<\/title>\n<meta name=\"description\" content=\"Unsere Vision ist eine Gesellschaft, die Korruption in keiner Form toleriert. Erfahren Sie, wie wir die Korruption in der Schweiz bek\u00e4mpfen.\" \/>\n<meta name=\"robots\" content=\"index, follow, max-snippet:-1, max-image-preview:large, max-video-preview:-1\" \/>\n<link rel=\"canonical\" href=\"https:\/\/transparency.ch\/fr\/\" \/>\n<meta property=\"og:locale\" content=\"fr_FR\" \/>\n<meta property=\"og:type\" content=\"article\" \/>\n<meta property=\"og:title\" content=\"Home | Transparency International CH\" \/>\n<meta property=\"og:description\" content=\"Unsere Vision ist eine Gesellschaft, die Korruption in keiner Form toleriert. Erfahren Sie, wie wir die Korruption in der Schweiz bek\u00e4mpfen.\" \/>\n<meta property=\"og:url\" content=\"https:\/\/transparency.ch\/fr\/\" \/>\n<meta property=\"og:site_name\" content=\"Transparency International Suisse\" \/>\n<meta property=\"article:modified_time\" content=\"2024-03-01T10:18:09+00:00\" \/>\n<meta property=\"og:image\" content=\"https:\/\/transparency.ch\/wp-content\/uploads\/2017\/09\/transparency_startseite_1.jpg\" \/>\n\t<meta property=\"og:image:width\" content=\"1920\" \/>\n\t<meta property=\"og:image:height\" content=\"800\" \/>\n\t<meta property=\"og:image:type\" content=\"image\/jpeg\" \/>\n<meta name=\"twitter:card\" content=\"summary_large_image\" \/>\n<meta name=\"twitter:label1\" content=\"Dur\u00e9e de lecture estim\u00e9e\" \/>\n\t<meta name=\"twitter:data1\" content=\"1 minute\" \/>\n<script type=\"application\/ld+json\" class=\"yoast-schema-graph\">{\"@context\":\"https:\/\/schema.org\",\"@graph\":[{\"@type\":\"WebPage\",\"@id\":\"https:\/\/transparency.ch\/fr\/\",\"url\":\"https:\/\/transparency.ch\/fr\/\",\"name\":\"Home | Transparency International CH\",\"isPartOf\":{\"@id\":\"https:\/\/transparency.ch\/#website\"},\"primaryImageOfPage\":{\"@id\":\"https:\/\/transparency.ch\/fr\/#primaryimage\"},\"image\":{\"@id\":\"https:\/\/transparency.ch\/fr\/#primaryimage\"},\"thumbnailUrl\":\"https:\/\/transparency.ch\/wp-content\/uploads\/2017\/09\/transparency_startseite_1.jpg\",\"datePublished\":\"2017-05-15T05:54:42+00:00\",\"dateModified\":\"2024-03-01T10:18:09+00:00\",\"description\":\"Unsere Vision ist eine Gesellschaft, die Korruption in keiner Form toleriert. Erfahren Sie, wie wir die Korruption in der Schweiz bek\u00e4mpfen.\",\"breadcrumb\":{\"@id\":\"https:\/\/transparency.ch\/fr\/#breadcrumb\"},\"inLanguage\":\"fr-FR\",\"potentialAction\":[{\"@type\":\"ReadAction\",\"target\":[\"https:\/\/transparency.ch\/fr\/\"]}]},{\"@type\":\"ImageObject\",\"inLanguage\":\"fr-FR\",\"@id\":\"https:\/\/transparency.ch\/fr\/#primaryimage\",\"url\":\"https:\/\/transparency.ch\/wp-content\/uploads\/2017\/09\/transparency_startseite_1.jpg\",\"contentUrl\":\"https:\/\/transparency.ch\/wp-content\/uploads\/2017\/09\/transparency_startseite_1.jpg\",\"width\":1920,\"height\":800},{\"@type\":\"BreadcrumbList\",\"@id\":\"https:\/\/transparency.ch\/fr\/#breadcrumb\",\"itemListElement\":[{\"@type\":\"ListItem\",\"position\":1,\"name\":\"Home\",\"item\":\"https:\/\/transparency.ch\/fr\/\"},{\"@type\":\"ListItem\",\"position\":2,\"name\":\"Home\"}]},{\"@type\":\"WebSite\",\"@id\":\"https:\/\/transparency.ch\/#website\",\"url\":\"https:\/\/transparency.ch\/\",\"name\":\"Transparency International Suisse\",\"description\":\"Nous combattons la corruption en Suisse\",\"potentialAction\":[{\"@type\":\"SearchAction\",\"target\":{\"@type\":\"EntryPoint\",\"urlTemplate\":\"https:\/\/transparency.ch\/?s={search_term_string}\"},\"query-input\":{\"@type\":\"PropertyValueSpecification\",\"valueRequired\":true,\"valueName\":\"search_term_string\"}}],\"inLanguage\":\"fr-FR\"}]}<\/script>\n<!-- \/ Yoast SEO plugin. -->","yoast_head_json":{"title":"Home | Transparency International CH","description":"Unsere Vision ist eine Gesellschaft, die Korruption in keiner Form toleriert. Erfahren Sie, wie wir die Korruption in der Schweiz bek\u00e4mpfen.","robots":{"index":"index","follow":"follow","max-snippet":"max-snippet:-1","max-image-preview":"max-image-preview:large","max-video-preview":"max-video-preview:-1"},"canonical":"https:\/\/transparency.ch\/fr\/","og_locale":"fr_FR","og_type":"article","og_title":"Home | Transparency International CH","og_description":"Unsere Vision ist eine Gesellschaft, die Korruption in keiner Form toleriert. Erfahren Sie, wie wir die Korruption in der Schweiz bek\u00e4mpfen.","og_url":"https:\/\/transparency.ch\/fr\/","og_site_name":"Transparency International Suisse","article_modified_time":"2024-03-01T10:18:09+00:00","og_image":[{"width":1920,"height":800,"url":"https:\/\/transparency.ch\/wp-content\/uploads\/2017\/09\/transparency_startseite_1.jpg","type":"image\/jpeg"}],"twitter_card":"summary_large_image","twitter_misc":{"Dur\u00e9e de lecture estim\u00e9e":"1 minute"},"schema":{"@context":"https:\/\/schema.org","@graph":[{"@type":"WebPage","@id":"https:\/\/transparency.ch\/fr\/","url":"https:\/\/transparency.ch\/fr\/","name":"Home | Transparency International CH","isPartOf":{"@id":"https:\/\/transparency.ch\/#website"},"primaryImageOfPage":{"@id":"https:\/\/transparency.ch\/fr\/#primaryimage"},"image":{"@id":"https:\/\/transparency.ch\/fr\/#primaryimage"},"thumbnailUrl":"https:\/\/transparency.ch\/wp-content\/uploads\/2017\/09\/transparency_startseite_1.jpg","datePublished":"2017-05-15T05:54:42+00:00","dateModified":"2024-03-01T10:18:09+00:00","description":"Unsere Vision ist eine Gesellschaft, die Korruption in keiner Form toleriert. Erfahren Sie, wie wir die Korruption in der Schweiz bek\u00e4mpfen.","breadcrumb":{"@id":"https:\/\/transparency.ch\/fr\/#breadcrumb"},"inLanguage":"fr-FR","potentialAction":[{"@type":"ReadAction","target":["https:\/\/transparency.ch\/fr\/"]}]},{"@type":"ImageObject","inLanguage":"fr-FR","@id":"https:\/\/transparency.ch\/fr\/#primaryimage","url":"https:\/\/transparency.ch\/wp-content\/uploads\/2017\/09\/transparency_startseite_1.jpg","contentUrl":"https:\/\/transparency.ch\/wp-content\/uploads\/2017\/09\/transparency_startseite_1.jpg","width":1920,"height":800},{"@type":"BreadcrumbList","@id":"https:\/\/transparency.ch\/fr\/#breadcrumb","itemListElement":[{"@type":"ListItem","position":1,"name":"Home","item":"https:\/\/transparency.ch\/fr\/"},{"@type":"ListItem","position":2,"name":"Home"}]},{"@type":"WebSite","@id":"https:\/\/transparency.ch\/#website","url":"https:\/\/transparency.ch\/","name":"Transparency International Suisse","description":"Nous combattons la corruption en Suisse","potentialAction":[{"@type":"SearchAction","target":{"@type":"EntryPoint","urlTemplate":"https:\/\/transparency.ch\/?s={search_term_string}"},"query-input":{"@type":"PropertyValueSpecification","valueRequired":true,"valueName":"search_term_string"}}],"inLanguage":"fr-FR"}]}},"_links":{"self":[{"href":"https:\/\/transparency.ch\/fr\/wp-json\/wp\/v2\/pages\/1013"}],"collection":[{"href":"https:\/\/transparency.ch\/fr\/wp-json\/wp\/v2\/pages"}],"about":[{"href":"https:\/\/transparency.ch\/fr\/wp-json\/wp\/v2\/types\/page"}],"author":[{"embeddable":true,"href":"https:\/\/transparency.ch\/fr\/wp-json\/wp\/v2\/users\/2"}],"replies":[{"embeddable":true,"href":"https:\/\/transparency.ch\/fr\/wp-json\/wp\/v2\/comments?post=1013"}],"version-history":[{"count":48,"href":"https:\/\/transparency.ch\/fr\/wp-json\/wp\/v2\/pages\/1013\/revisions"}],"predecessor-version":[{"id":8727,"href":"https:\/\/transparency.ch\/fr\/wp-json\/wp\/v2\/pages\/1013\/revisions\/8727"}],"wp:featuredmedia":[{"embeddable":true,"href":"https:\/\/transparency.ch\/fr\/wp-json\/wp\/v2\/media\/3355"}],"wp:attachment":[{"href":"https:\/\/transparency.ch\/fr\/wp-json\/wp\/v2\/media?parent=1013"}],"curies":[{"name":"wp","href":"https:\/\/api.w.org\/{rel}","templated":true}]}}