{"id":1017,"date":"2017-07-13T08:20:28","date_gmt":"2017-07-13T08:20:28","guid":{"rendered":"http:\/\/transparency.dev4.webkoenig.ch\/?page_id=1017\/"},"modified":"2025-05-16T14:30:11","modified_gmt":"2025-05-16T12:30:11","slug":"impressum","status":"publish","type":"page","link":"https:\/\/transparency.ch\/fr\/impressum\/","title":{"rendered":"Impressum"},"content":{"rendered":"<h2>Kontaktadresse<\/h2>\n<p>Transparency International Schweiz<\/p>\n<p>Schanzeneckstrasse 25<\/p>\n<p>Postfach<\/p>\n<p>3001 Bern<\/p>\n<p>Schweiz<\/p>\n<p>info@transparency.ch<\/p>\n<p>&nbsp;<\/p>\n<h2>Vertretungsberechtigte Personen<\/h2>\n<p>Urs Thalmann, Gesch\u00e4ftsf\u00fchrer<\/p>\n<p>Markus Schefer, Pr\u00e4sident<\/p>\n<p>&nbsp;<\/p>\n<h2>Haftungsausschluss<\/h2>\n<p>Der Autor \u00fcbernimmt keinerlei Gew\u00e4hr hinsichtlich der inhaltlichen Richtigkeit, Genauigkeit, Aktualit\u00e4t, Zuverl\u00e4ssigkeit und Vollst\u00e4ndigkeit der Informationen.<\/p>\n<p>Haftungsanspr\u00fcche gegen den Autor wegen Sch\u00e4den materieller oder immaterieller Art, welche aus dem Zugriff oder der Nutzung bzw.\u00a0 Nichtnutzung der ver\u00f6ffentlichten Informationen, durch Missbrauch der Verbindung oder durch technische St\u00f6rungen entstanden sind, werden ausgeschlossen.<\/p>\n<p>Alle Angebote sind unverbindlich. Der Autor beh\u00e4lt es sich ausdr\u00fccklich vor, Teile der Seiten oder das gesamte Angebot ohne gesonderte Ank\u00fcndigung zu ver\u00e4ndern, zu erg\u00e4nzen, zu l\u00f6schen oder die Ver\u00f6ffentlichung zeitweise oder endg\u00fcltig\u00a0 einzustellen.<\/p>\n<p>&nbsp;<\/p>\n<h2>Haftung f\u00fcr Links<\/h2>\n<p>Verweise und Links auf Webseiten Dritter liegen ausserhalb unseres Verantwortungsbereichs Es wird jegliche Verantwortung f\u00fcr solche Webseiten abgelehnt.\u00a0 Der Zugriff und die Nutzung solcher Webseiten erfolgen auf eigene Gefahr des Nutzers oder der Nutzerin.<\/p>\n<p>&nbsp;<\/p>\n<h2>Urheberrechte<\/h2>\n<p>Die Urheber- und alle anderen Rechte an Inhalten, Bildern, Fotos oder anderen Dateien auf der Website geh\u00f6ren ausschliesslich <strong>dem Verein Transparency International Schweiz<\/strong> oder den speziell genannten Rechtsinhabern. F\u00fcr die Reproduktion jeglicher Elemente ist die schriftliche Zustimmung der Urheberrechtstr\u00e4ger im Voraus einzuholen.<\/p>\n<p>&nbsp;<\/p>\n<h2>Webdesign<\/h2>\n<div class=\"links\">\n<p><a href=\"https:\/\/webundso.ch\" target=\"_blank\" rel=\"noopener noreferrer\">webundso GmbH<\/a>, Bern<\/p>\n<\/div>\n<div class=\"rechts\"><\/div>\n","protected":false},"excerpt":{"rendered":"<p>Kontaktadresse Transparency International Schweiz Schanzeneckstrasse 25 Postfach 3001 Bern Schweiz info@transparency.ch &nbsp; Vertretungsberechtigte Personen Urs Thalmann, Gesch\u00e4ftsf\u00fchrer Markus Schefer, Pr\u00e4sident &nbsp; Haftungsausschluss Der Autor \u00fcbernimmt keinerlei Gew\u00e4hr hinsichtlich der inhaltlichen Richtigkeit, Genauigkeit, Aktualit\u00e4t, Zuverl\u00e4ssigkeit und Vollst\u00e4ndigkeit der Informationen. Haftungsanspr\u00fcche gegen den Autor wegen Sch\u00e4den materieller oder immaterieller Art, welche aus dem Zugriff oder der Nutzung<a class=\"excerpt-read-more\" href=\"https:\/\/transparency.ch\/fr\/impressum\/\" title=\"ReadImpressum\">&#8230; Read more &raquo;<\/a><\/p>\n","protected":false},"author":2,"featured_media":903,"parent":0,"menu_order":0,"comment_status":"closed","ping_status":"closed","template":"","meta":{"_acf_changed":false,"footnotes":""},"acf":[],"yoast_head":"<!-- This site is optimized with the Yoast SEO plugin v23.5 - https:\/\/yoast.com\/wordpress\/plugins\/seo\/ -->\n<title>Impressum - Transparency International Suisse<\/title>\n<meta name=\"robots\" content=\"index, follow, max-snippet:-1, max-image-preview:large, max-video-preview:-1\" \/>\n<link rel=\"canonical\" href=\"https:\/\/transparency.ch\/fr\/impressum\/\" \/>\n<meta property=\"og:locale\" content=\"fr_FR\" \/>\n<meta property=\"og:type\" content=\"article\" \/>\n<meta property=\"og:title\" content=\"Impressum - Transparency International Suisse\" \/>\n<meta property=\"og:description\" content=\"Kontaktadresse Transparency International Schweiz Schanzeneckstrasse 25 Postfach 3001 Bern Schweiz info@transparency.ch &nbsp; Vertretungsberechtigte Personen Urs Thalmann, Gesch\u00e4ftsf\u00fchrer Markus Schefer, Pr\u00e4sident &nbsp; Haftungsausschluss Der Autor \u00fcbernimmt keinerlei Gew\u00e4hr hinsichtlich der inhaltlichen Richtigkeit, Genauigkeit, Aktualit\u00e4t, Zuverl\u00e4ssigkeit und Vollst\u00e4ndigkeit der Informationen. Haftungsanspr\u00fcche gegen den Autor wegen Sch\u00e4den materieller oder immaterieller Art, welche aus dem Zugriff oder der Nutzung... Read more &raquo;\" \/>\n<meta property=\"og:url\" content=\"https:\/\/transparency.ch\/fr\/impressum\/\" \/>\n<meta property=\"og:site_name\" content=\"Transparency International Suisse\" \/>\n<meta property=\"article:modified_time\" content=\"2025-05-16T12:30:11+00:00\" \/>\n<meta property=\"og:image\" content=\"https:\/\/transparency.ch\/wp-content\/uploads\/2017\/07\/9198142525_6b56dd327c_o.jpg\" \/>\n\t<meta property=\"og:image:width\" content=\"2000\" \/>\n\t<meta property=\"og:image:height\" content=\"600\" \/>\n\t<meta property=\"og:image:type\" content=\"image\/jpeg\" \/>\n<meta name=\"twitter:card\" content=\"summary_large_image\" \/>\n<meta name=\"twitter:label1\" content=\"Dur\u00e9e de lecture estim\u00e9e\" \/>\n\t<meta name=\"twitter:data1\" content=\"2 minutes\" \/>\n<script type=\"application\/ld+json\" class=\"yoast-schema-graph\">{\"@context\":\"https:\/\/schema.org\",\"@graph\":[{\"@type\":\"WebPage\",\"@id\":\"https:\/\/transparency.ch\/fr\/impressum\/\",\"url\":\"https:\/\/transparency.ch\/fr\/impressum\/\",\"name\":\"Impressum - Transparency International Suisse\",\"isPartOf\":{\"@id\":\"https:\/\/transparency.ch\/#website\"},\"primaryImageOfPage\":{\"@id\":\"https:\/\/transparency.ch\/fr\/impressum\/#primaryimage\"},\"image\":{\"@id\":\"https:\/\/transparency.ch\/fr\/impressum\/#primaryimage\"},\"thumbnailUrl\":\"https:\/\/transparency.ch\/wp-content\/uploads\/2017\/07\/9198142525_6b56dd327c_o.jpg\",\"datePublished\":\"2017-07-13T08:20:28+00:00\",\"dateModified\":\"2025-05-16T12:30:11+00:00\",\"breadcrumb\":{\"@id\":\"https:\/\/transparency.ch\/fr\/impressum\/#breadcrumb\"},\"inLanguage\":\"fr-FR\",\"potentialAction\":[{\"@type\":\"ReadAction\",\"target\":[\"https:\/\/transparency.ch\/fr\/impressum\/\"]}]},{\"@type\":\"ImageObject\",\"inLanguage\":\"fr-FR\",\"@id\":\"https:\/\/transparency.ch\/fr\/impressum\/#primaryimage\",\"url\":\"https:\/\/transparency.ch\/wp-content\/uploads\/2017\/07\/9198142525_6b56dd327c_o.jpg\",\"contentUrl\":\"https:\/\/transparency.ch\/wp-content\/uploads\/2017\/07\/9198142525_6b56dd327c_o.jpg\",\"width\":2000,\"height\":600},{\"@type\":\"BreadcrumbList\",\"@id\":\"https:\/\/transparency.ch\/fr\/impressum\/#breadcrumb\",\"itemListElement\":[{\"@type\":\"ListItem\",\"position\":1,\"name\":\"Home\",\"item\":\"https:\/\/transparency.ch\/fr\/\"},{\"@type\":\"ListItem\",\"position\":2,\"name\":\"Impressum\"}]},{\"@type\":\"WebSite\",\"@id\":\"https:\/\/transparency.ch\/#website\",\"url\":\"https:\/\/transparency.ch\/\",\"name\":\"Transparency International Suisse\",\"description\":\"Nous combattons la corruption en Suisse\",\"potentialAction\":[{\"@type\":\"SearchAction\",\"target\":{\"@type\":\"EntryPoint\",\"urlTemplate\":\"https:\/\/transparency.ch\/?s={search_term_string}\"},\"query-input\":{\"@type\":\"PropertyValueSpecification\",\"valueRequired\":true,\"valueName\":\"search_term_string\"}}],\"inLanguage\":\"fr-FR\"}]}<\/script>\n<!-- \/ Yoast SEO plugin. -->","yoast_head_json":{"title":"Impressum - Transparency International Suisse","robots":{"index":"index","follow":"follow","max-snippet":"max-snippet:-1","max-image-preview":"max-image-preview:large","max-video-preview":"max-video-preview:-1"},"canonical":"https:\/\/transparency.ch\/fr\/impressum\/","og_locale":"fr_FR","og_type":"article","og_title":"Impressum - Transparency International Suisse","og_description":"Kontaktadresse Transparency International Schweiz Schanzeneckstrasse 25 Postfach 3001 Bern Schweiz info@transparency.ch &nbsp; Vertretungsberechtigte Personen Urs Thalmann, Gesch\u00e4ftsf\u00fchrer Markus Schefer, Pr\u00e4sident &nbsp; Haftungsausschluss Der Autor \u00fcbernimmt keinerlei Gew\u00e4hr hinsichtlich der inhaltlichen Richtigkeit, Genauigkeit, Aktualit\u00e4t, Zuverl\u00e4ssigkeit und Vollst\u00e4ndigkeit der Informationen. Haftungsanspr\u00fcche gegen den Autor wegen Sch\u00e4den materieller oder immaterieller Art, welche aus dem Zugriff oder der Nutzung... Read more &raquo;","og_url":"https:\/\/transparency.ch\/fr\/impressum\/","og_site_name":"Transparency International Suisse","article_modified_time":"2025-05-16T12:30:11+00:00","og_image":[{"width":2000,"height":600,"url":"https:\/\/transparency.ch\/wp-content\/uploads\/2017\/07\/9198142525_6b56dd327c_o.jpg","type":"image\/jpeg"}],"twitter_card":"summary_large_image","twitter_misc":{"Dur\u00e9e de lecture estim\u00e9e":"2 minutes"},"schema":{"@context":"https:\/\/schema.org","@graph":[{"@type":"WebPage","@id":"https:\/\/transparency.ch\/fr\/impressum\/","url":"https:\/\/transparency.ch\/fr\/impressum\/","name":"Impressum - Transparency International Suisse","isPartOf":{"@id":"https:\/\/transparency.ch\/#website"},"primaryImageOfPage":{"@id":"https:\/\/transparency.ch\/fr\/impressum\/#primaryimage"},"image":{"@id":"https:\/\/transparency.ch\/fr\/impressum\/#primaryimage"},"thumbnailUrl":"https:\/\/transparency.ch\/wp-content\/uploads\/2017\/07\/9198142525_6b56dd327c_o.jpg","datePublished":"2017-07-13T08:20:28+00:00","dateModified":"2025-05-16T12:30:11+00:00","breadcrumb":{"@id":"https:\/\/transparency.ch\/fr\/impressum\/#breadcrumb"},"inLanguage":"fr-FR","potentialAction":[{"@type":"ReadAction","target":["https:\/\/transparency.ch\/fr\/impressum\/"]}]},{"@type":"ImageObject","inLanguage":"fr-FR","@id":"https:\/\/transparency.ch\/fr\/impressum\/#primaryimage","url":"https:\/\/transparency.ch\/wp-content\/uploads\/2017\/07\/9198142525_6b56dd327c_o.jpg","contentUrl":"https:\/\/transparency.ch\/wp-content\/uploads\/2017\/07\/9198142525_6b56dd327c_o.jpg","width":2000,"height":600},{"@type":"BreadcrumbList","@id":"https:\/\/transparency.ch\/fr\/impressum\/#breadcrumb","itemListElement":[{"@type":"ListItem","position":1,"name":"Home","item":"https:\/\/transparency.ch\/fr\/"},{"@type":"ListItem","position":2,"name":"Impressum"}]},{"@type":"WebSite","@id":"https:\/\/transparency.ch\/#website","url":"https:\/\/transparency.ch\/","name":"Transparency International Suisse","description":"Nous combattons la corruption en Suisse","potentialAction":[{"@type":"SearchAction","target":{"@type":"EntryPoint","urlTemplate":"https:\/\/transparency.ch\/?s={search_term_string}"},"query-input":{"@type":"PropertyValueSpecification","valueRequired":true,"valueName":"search_term_string"}}],"inLanguage":"fr-FR"}]}},"_links":{"self":[{"href":"https:\/\/transparency.ch\/fr\/wp-json\/wp\/v2\/pages\/1017"}],"collection":[{"href":"https:\/\/transparency.ch\/fr\/wp-json\/wp\/v2\/pages"}],"about":[{"href":"https:\/\/transparency.ch\/fr\/wp-json\/wp\/v2\/types\/page"}],"author":[{"embeddable":true,"href":"https:\/\/transparency.ch\/fr\/wp-json\/wp\/v2\/users\/2"}],"replies":[{"embeddable":true,"href":"https:\/\/transparency.ch\/fr\/wp-json\/wp\/v2\/comments?post=1017"}],"version-history":[{"count":8,"href":"https:\/\/transparency.ch\/fr\/wp-json\/wp\/v2\/pages\/1017\/revisions"}],"predecessor-version":[{"id":9170,"href":"https:\/\/transparency.ch\/fr\/wp-json\/wp\/v2\/pages\/1017\/revisions\/9170"}],"wp:featuredmedia":[{"embeddable":true,"href":"https:\/\/transparency.ch\/fr\/wp-json\/wp\/v2\/media\/903"}],"wp:attachment":[{"href":"https:\/\/transparency.ch\/fr\/wp-json\/wp\/v2\/media?parent=1017"}],"curies":[{"name":"wp","href":"https:\/\/api.w.org\/{rel}","templated":true}]}}