{"id":1030,"date":"2017-05-15T05:59:10","date_gmt":"2017-05-15T05:59:10","guid":{"rendered":"http:\/\/transparency.dev4.webkoenig.ch\/?page_id=1030\/"},"modified":"2023-02-27T11:41:08","modified_gmt":"2023-02-27T09:41:08","slug":"financement-de-la-vie-politique-et-lobbying","status":"publish","type":"page","link":"https:\/\/transparency.ch\/fr\/financement-de-la-vie-politique-et-lobbying\/","title":{"rendered":"Financement de la vie politique et lobbying"},"content":{"rendered":"<p>La qualit\u00e9 de la vie politique a un prix et le lobbying est une activit\u00e9 l\u00e9gitime qui ne pose probl\u00e8me que lorsqu\u2019il est impossible de savoir qui finance la vie politique, dans quel but et pour quel montant, et lorsqu\u2019il sape les principes d\u00e9mocratiques de prises de d\u00e9cision en permettant \u00e0 certains acteurs de tirer les ficelles tout en restant dans l\u2019ombre. Il est donc d\u2019autant plus choquant et surprenant que les dispositions r\u00e9gissant le lobbying en Suisse soient extr\u00eamement rudimentaires.<\/p>\n","protected":false},"excerpt":{"rendered":"<p>La qualit\u00e9 de la vie politique a un prix et le lobbying est une activit\u00e9 l\u00e9gitime qui ne pose probl\u00e8me que lorsqu\u2019il est impossible de savoir qui finance la vie politique, dans quel but et pour quel montant, et lorsqu\u2019il sape les principes d\u00e9mocratiques de prises de d\u00e9cision en permettant \u00e0 certains acteurs de tirer<a class=\"excerpt-read-more\" href=\"https:\/\/transparency.ch\/fr\/financement-de-la-vie-politique-et-lobbying\/\" title=\"ReadFinancement de la vie politique et lobbying\">&#8230; Read more &raquo;<\/a><\/p>\n","protected":false},"author":2,"featured_media":1483,"parent":0,"menu_order":0,"comment_status":"closed","ping_status":"closed","template":"","meta":{"_acf_changed":false,"footnotes":""},"acf":[],"yoast_head":"<!-- This site is optimized with the Yoast SEO plugin v23.5 - https:\/\/yoast.com\/wordpress\/plugins\/seo\/ -->\n<title>Financement de la vie politique | Transparency International Suisse<\/title>\n<meta name=\"robots\" content=\"index, follow, max-snippet:-1, max-image-preview:large, max-video-preview:-1\" \/>\n<link rel=\"canonical\" href=\"https:\/\/transparency.ch\/fr\/financement-de-la-vie-politique-et-lobbying\/\" \/>\n<meta property=\"og:locale\" content=\"fr_FR\" \/>\n<meta property=\"og:type\" content=\"article\" \/>\n<meta property=\"og:title\" content=\"Financement de la vie politique | Transparency International Suisse\" \/>\n<meta property=\"og:description\" content=\"La qualit\u00e9 de la vie politique a un prix et le lobbying est une activit\u00e9 l\u00e9gitime qui ne pose probl\u00e8me que lorsqu\u2019il est impossible de savoir qui finance la vie politique, dans quel but et pour quel montant, et lorsqu\u2019il sape les principes d\u00e9mocratiques de prises de d\u00e9cision en permettant \u00e0 certains acteurs de tirer... Read more &raquo;\" \/>\n<meta property=\"og:url\" content=\"https:\/\/transparency.ch\/fr\/financement-de-la-vie-politique-et-lobbying\/\" \/>\n<meta property=\"og:site_name\" content=\"Transparency International Suisse\" \/>\n<meta property=\"article:modified_time\" content=\"2023-02-27T09:41:08+00:00\" \/>\n<meta property=\"og:image\" content=\"https:\/\/transparency.ch\/wp-content\/uploads\/2017\/07\/korruption_politikfinanzierung-1-e1501150082930.jpg\" \/>\n\t<meta property=\"og:image:width\" content=\"1920\" \/>\n\t<meta property=\"og:image:height\" content=\"600\" \/>\n\t<meta property=\"og:image:type\" content=\"image\/jpeg\" \/>\n<meta name=\"twitter:card\" content=\"summary_large_image\" \/>\n<meta name=\"twitter:label1\" content=\"Dur\u00e9e de lecture estim\u00e9e\" \/>\n\t<meta name=\"twitter:data1\" content=\"1 minute\" \/>\n<script type=\"application\/ld+json\" class=\"yoast-schema-graph\">{\"@context\":\"https:\/\/schema.org\",\"@graph\":[{\"@type\":\"WebPage\",\"@id\":\"https:\/\/transparency.ch\/fr\/financement-de-la-vie-politique-et-lobbying\/\",\"url\":\"https:\/\/transparency.ch\/fr\/financement-de-la-vie-politique-et-lobbying\/\",\"name\":\"Financement de la vie politique | Transparency International Suisse\",\"isPartOf\":{\"@id\":\"https:\/\/transparency.ch\/#website\"},\"primaryImageOfPage\":{\"@id\":\"https:\/\/transparency.ch\/fr\/financement-de-la-vie-politique-et-lobbying\/#primaryimage\"},\"image\":{\"@id\":\"https:\/\/transparency.ch\/fr\/financement-de-la-vie-politique-et-lobbying\/#primaryimage\"},\"thumbnailUrl\":\"https:\/\/transparency.ch\/wp-content\/uploads\/2017\/07\/korruption_politikfinanzierung-1-e1501150082930.jpg\",\"datePublished\":\"2017-05-15T05:59:10+00:00\",\"dateModified\":\"2023-02-27T09:41:08+00:00\",\"breadcrumb\":{\"@id\":\"https:\/\/transparency.ch\/fr\/financement-de-la-vie-politique-et-lobbying\/#breadcrumb\"},\"inLanguage\":\"fr-FR\",\"potentialAction\":[{\"@type\":\"ReadAction\",\"target\":[\"https:\/\/transparency.ch\/fr\/financement-de-la-vie-politique-et-lobbying\/\"]}]},{\"@type\":\"ImageObject\",\"inLanguage\":\"fr-FR\",\"@id\":\"https:\/\/transparency.ch\/fr\/financement-de-la-vie-politique-et-lobbying\/#primaryimage\",\"url\":\"https:\/\/transparency.ch\/wp-content\/uploads\/2017\/07\/korruption_politikfinanzierung-1-e1501150082930.jpg\",\"contentUrl\":\"https:\/\/transparency.ch\/wp-content\/uploads\/2017\/07\/korruption_politikfinanzierung-1-e1501150082930.jpg\",\"width\":1920,\"height\":600},{\"@type\":\"BreadcrumbList\",\"@id\":\"https:\/\/transparency.ch\/fr\/financement-de-la-vie-politique-et-lobbying\/#breadcrumb\",\"itemListElement\":[{\"@type\":\"ListItem\",\"position\":1,\"name\":\"Home\",\"item\":\"https:\/\/transparency.ch\/fr\/\"},{\"@type\":\"ListItem\",\"position\":2,\"name\":\"Financement de la vie politique et lobbying\"}]},{\"@type\":\"WebSite\",\"@id\":\"https:\/\/transparency.ch\/#website\",\"url\":\"https:\/\/transparency.ch\/\",\"name\":\"Transparency International Suisse\",\"description\":\"Nous combattons la corruption en Suisse\",\"potentialAction\":[{\"@type\":\"SearchAction\",\"target\":{\"@type\":\"EntryPoint\",\"urlTemplate\":\"https:\/\/transparency.ch\/?s={search_term_string}\"},\"query-input\":{\"@type\":\"PropertyValueSpecification\",\"valueRequired\":true,\"valueName\":\"search_term_string\"}}],\"inLanguage\":\"fr-FR\"}]}<\/script>\n<!-- \/ Yoast SEO plugin. -->","yoast_head_json":{"title":"Financement de la vie politique | Transparency International Suisse","robots":{"index":"index","follow":"follow","max-snippet":"max-snippet:-1","max-image-preview":"max-image-preview:large","max-video-preview":"max-video-preview:-1"},"canonical":"https:\/\/transparency.ch\/fr\/financement-de-la-vie-politique-et-lobbying\/","og_locale":"fr_FR","og_type":"article","og_title":"Financement de la vie politique | Transparency International Suisse","og_description":"La qualit\u00e9 de la vie politique a un prix et le lobbying est une activit\u00e9 l\u00e9gitime qui ne pose probl\u00e8me que lorsqu\u2019il est impossible de savoir qui finance la vie politique, dans quel but et pour quel montant, et lorsqu\u2019il sape les principes d\u00e9mocratiques de prises de d\u00e9cision en permettant \u00e0 certains acteurs de tirer... Read more &raquo;","og_url":"https:\/\/transparency.ch\/fr\/financement-de-la-vie-politique-et-lobbying\/","og_site_name":"Transparency International Suisse","article_modified_time":"2023-02-27T09:41:08+00:00","og_image":[{"width":1920,"height":600,"url":"https:\/\/transparency.ch\/wp-content\/uploads\/2017\/07\/korruption_politikfinanzierung-1-e1501150082930.jpg","type":"image\/jpeg"}],"twitter_card":"summary_large_image","twitter_misc":{"Dur\u00e9e de lecture estim\u00e9e":"1 minute"},"schema":{"@context":"https:\/\/schema.org","@graph":[{"@type":"WebPage","@id":"https:\/\/transparency.ch\/fr\/financement-de-la-vie-politique-et-lobbying\/","url":"https:\/\/transparency.ch\/fr\/financement-de-la-vie-politique-et-lobbying\/","name":"Financement de la vie politique | Transparency International Suisse","isPartOf":{"@id":"https:\/\/transparency.ch\/#website"},"primaryImageOfPage":{"@id":"https:\/\/transparency.ch\/fr\/financement-de-la-vie-politique-et-lobbying\/#primaryimage"},"image":{"@id":"https:\/\/transparency.ch\/fr\/financement-de-la-vie-politique-et-lobbying\/#primaryimage"},"thumbnailUrl":"https:\/\/transparency.ch\/wp-content\/uploads\/2017\/07\/korruption_politikfinanzierung-1-e1501150082930.jpg","datePublished":"2017-05-15T05:59:10+00:00","dateModified":"2023-02-27T09:41:08+00:00","breadcrumb":{"@id":"https:\/\/transparency.ch\/fr\/financement-de-la-vie-politique-et-lobbying\/#breadcrumb"},"inLanguage":"fr-FR","potentialAction":[{"@type":"ReadAction","target":["https:\/\/transparency.ch\/fr\/financement-de-la-vie-politique-et-lobbying\/"]}]},{"@type":"ImageObject","inLanguage":"fr-FR","@id":"https:\/\/transparency.ch\/fr\/financement-de-la-vie-politique-et-lobbying\/#primaryimage","url":"https:\/\/transparency.ch\/wp-content\/uploads\/2017\/07\/korruption_politikfinanzierung-1-e1501150082930.jpg","contentUrl":"https:\/\/transparency.ch\/wp-content\/uploads\/2017\/07\/korruption_politikfinanzierung-1-e1501150082930.jpg","width":1920,"height":600},{"@type":"BreadcrumbList","@id":"https:\/\/transparency.ch\/fr\/financement-de-la-vie-politique-et-lobbying\/#breadcrumb","itemListElement":[{"@type":"ListItem","position":1,"name":"Home","item":"https:\/\/transparency.ch\/fr\/"},{"@type":"ListItem","position":2,"name":"Financement de la vie politique et lobbying"}]},{"@type":"WebSite","@id":"https:\/\/transparency.ch\/#website","url":"https:\/\/transparency.ch\/","name":"Transparency International Suisse","description":"Nous combattons la corruption en Suisse","potentialAction":[{"@type":"SearchAction","target":{"@type":"EntryPoint","urlTemplate":"https:\/\/transparency.ch\/?s={search_term_string}"},"query-input":{"@type":"PropertyValueSpecification","valueRequired":true,"valueName":"search_term_string"}}],"inLanguage":"fr-FR"}]}},"_links":{"self":[{"href":"https:\/\/transparency.ch\/fr\/wp-json\/wp\/v2\/pages\/1030"}],"collection":[{"href":"https:\/\/transparency.ch\/fr\/wp-json\/wp\/v2\/pages"}],"about":[{"href":"https:\/\/transparency.ch\/fr\/wp-json\/wp\/v2\/types\/page"}],"author":[{"embeddable":true,"href":"https:\/\/transparency.ch\/fr\/wp-json\/wp\/v2\/users\/2"}],"replies":[{"embeddable":true,"href":"https:\/\/transparency.ch\/fr\/wp-json\/wp\/v2\/comments?post=1030"}],"version-history":[{"count":23,"href":"https:\/\/transparency.ch\/fr\/wp-json\/wp\/v2\/pages\/1030\/revisions"}],"predecessor-version":[{"id":8246,"href":"https:\/\/transparency.ch\/fr\/wp-json\/wp\/v2\/pages\/1030\/revisions\/8246"}],"wp:featuredmedia":[{"embeddable":true,"href":"https:\/\/transparency.ch\/fr\/wp-json\/wp\/v2\/media\/1483"}],"wp:attachment":[{"href":"https:\/\/transparency.ch\/fr\/wp-json\/wp\/v2\/media?parent=1030"}],"curies":[{"name":"wp","href":"https:\/\/api.w.org\/{rel}","templated":true}]}}