{"id":1033,"date":"2017-05-15T05:58:34","date_gmt":"2017-05-15T05:58:34","guid":{"rendered":"http:\/\/transparency.dev4.webkoenig.ch\/?page_id=1033\/"},"modified":"2021-09-07T11:28:45","modified_gmt":"2021-09-07T09:28:45","slug":"secteur-prive","status":"publish","type":"page","link":"https:\/\/transparency.ch\/fr\/secteur-prive\/","title":{"rendered":"Secteur priv\u00e9"},"content":{"rendered":"<p>Ces derni\u00e8res ann\u00e9es, l\u2019\u00e9volution profonde enregistr\u00e9e sur le plan soci\u00e9tal et juridique s\u2019est traduite par un net renforcement de la lutte contre la corruption, tant \u00e0 l\u2019\u00e9chelon national qu\u2019\u00e0 l\u2019\u00e9chelon international. La l\u00e9gislation p\u00e9nale en vigueur permet ainsi de traduire en justice tant des personnes physiques que des entreprises qui ont corrompu des agents publics et des particuliers, que ce soit en Suisse ou \u00e0 l\u2019\u00e9tranger. En outre, les entreprises coupables d\u2019actes de corruption s\u2019exposent \u00e0 subir des pertes financi\u00e8res substantielles en raison des sanctions qu\u2019elles encourent, des atteintes \u00e0 leur r\u00e9putation et de leur exclusion des march\u00e9s publics.<\/p>\n<p>L\u2019\u00e9volution de la l\u00e9gislation et la prospection de nouveaux march\u00e9s contraignent les entreprises suisses \u00e0 \u00e9tudier les risques pos\u00e9s par les actes de corruption. Les entreprises et les ONG doivent ainsi se doter de dispositifs de pr\u00e9vention efficaces pour r\u00e9duire ces risques et \u00e9viter les cons\u00e9quences de la corruption.<\/p>\n","protected":false},"excerpt":{"rendered":"<p>Ces derni\u00e8res ann\u00e9es, l\u2019\u00e9volution profonde enregistr\u00e9e sur le plan soci\u00e9tal et juridique s\u2019est traduite par un net renforcement de la lutte contre la corruption, tant \u00e0 l\u2019\u00e9chelon national qu\u2019\u00e0 l\u2019\u00e9chelon international. La l\u00e9gislation p\u00e9nale en vigueur permet ainsi de traduire en justice tant des personnes physiques que des entreprises qui ont corrompu des agents publics<a class=\"excerpt-read-more\" href=\"https:\/\/transparency.ch\/fr\/secteur-prive\/\" title=\"ReadSecteur priv\u00e9\">&#8230; Read more &raquo;<\/a><\/p>\n","protected":false},"author":2,"featured_media":1484,"parent":0,"menu_order":0,"comment_status":"closed","ping_status":"closed","template":"","meta":{"_acf_changed":false,"footnotes":""},"acf":[],"yoast_head":"<!-- This site is optimized with the Yoast SEO plugin v23.5 - https:\/\/yoast.com\/wordpress\/plugins\/seo\/ -->\n<title>Secteur priv\u00e9 | Transparency International Schweiz<\/title>\n<meta name=\"description\" content=\"In der Privatwirtschaft bleibt die Korruptionspr\u00e4vention und -bek\u00e4mpfung eine Herausforderung. Sowohl bei grossen Unternehmen als auch bei KMUs.\" \/>\n<meta name=\"robots\" content=\"index, follow, max-snippet:-1, max-image-preview:large, max-video-preview:-1\" \/>\n<link rel=\"canonical\" href=\"https:\/\/transparency.ch\/fr\/secteur-prive\/\" \/>\n<meta property=\"og:locale\" content=\"fr_FR\" \/>\n<meta property=\"og:type\" content=\"article\" \/>\n<meta property=\"og:title\" content=\"Secteur priv\u00e9 | Transparency International Schweiz\" \/>\n<meta property=\"og:description\" content=\"In der Privatwirtschaft bleibt die Korruptionspr\u00e4vention und -bek\u00e4mpfung eine Herausforderung. Sowohl bei grossen Unternehmen als auch bei KMUs.\" \/>\n<meta property=\"og:url\" content=\"https:\/\/transparency.ch\/fr\/secteur-prive\/\" \/>\n<meta property=\"og:site_name\" content=\"Transparency International Suisse\" \/>\n<meta property=\"article:modified_time\" content=\"2021-09-07T09:28:45+00:00\" \/>\n<meta property=\"og:image\" content=\"https:\/\/transparency.ch\/wp-content\/uploads\/2017\/07\/korruption_privatwirtschaft-1-e1501149542843.jpg\" \/>\n\t<meta property=\"og:image:width\" content=\"1920\" \/>\n\t<meta property=\"og:image:height\" content=\"600\" \/>\n\t<meta property=\"og:image:type\" content=\"image\/jpeg\" \/>\n<meta name=\"twitter:card\" content=\"summary_large_image\" \/>\n<meta name=\"twitter:label1\" content=\"Dur\u00e9e de lecture estim\u00e9e\" \/>\n\t<meta name=\"twitter:data1\" content=\"1 minute\" \/>\n<script type=\"application\/ld+json\" class=\"yoast-schema-graph\">{\"@context\":\"https:\/\/schema.org\",\"@graph\":[{\"@type\":\"WebPage\",\"@id\":\"https:\/\/transparency.ch\/fr\/secteur-prive\/\",\"url\":\"https:\/\/transparency.ch\/fr\/secteur-prive\/\",\"name\":\"Secteur priv\u00e9 | Transparency International Schweiz\",\"isPartOf\":{\"@id\":\"https:\/\/transparency.ch\/#website\"},\"primaryImageOfPage\":{\"@id\":\"https:\/\/transparency.ch\/fr\/secteur-prive\/#primaryimage\"},\"image\":{\"@id\":\"https:\/\/transparency.ch\/fr\/secteur-prive\/#primaryimage\"},\"thumbnailUrl\":\"https:\/\/transparency.ch\/wp-content\/uploads\/2017\/07\/korruption_privatwirtschaft-1-e1501149542843.jpg\",\"datePublished\":\"2017-05-15T05:58:34+00:00\",\"dateModified\":\"2021-09-07T09:28:45+00:00\",\"description\":\"In der Privatwirtschaft bleibt die Korruptionspr\u00e4vention und -bek\u00e4mpfung eine Herausforderung. Sowohl bei grossen Unternehmen als auch bei KMUs.\",\"breadcrumb\":{\"@id\":\"https:\/\/transparency.ch\/fr\/secteur-prive\/#breadcrumb\"},\"inLanguage\":\"fr-FR\",\"potentialAction\":[{\"@type\":\"ReadAction\",\"target\":[\"https:\/\/transparency.ch\/fr\/secteur-prive\/\"]}]},{\"@type\":\"ImageObject\",\"inLanguage\":\"fr-FR\",\"@id\":\"https:\/\/transparency.ch\/fr\/secteur-prive\/#primaryimage\",\"url\":\"https:\/\/transparency.ch\/wp-content\/uploads\/2017\/07\/korruption_privatwirtschaft-1-e1501149542843.jpg\",\"contentUrl\":\"https:\/\/transparency.ch\/wp-content\/uploads\/2017\/07\/korruption_privatwirtschaft-1-e1501149542843.jpg\",\"width\":1920,\"height\":600},{\"@type\":\"BreadcrumbList\",\"@id\":\"https:\/\/transparency.ch\/fr\/secteur-prive\/#breadcrumb\",\"itemListElement\":[{\"@type\":\"ListItem\",\"position\":1,\"name\":\"Home\",\"item\":\"https:\/\/transparency.ch\/fr\/\"},{\"@type\":\"ListItem\",\"position\":2,\"name\":\"Secteur priv\u00e9\"}]},{\"@type\":\"WebSite\",\"@id\":\"https:\/\/transparency.ch\/#website\",\"url\":\"https:\/\/transparency.ch\/\",\"name\":\"Transparency International Suisse\",\"description\":\"Nous combattons la corruption en Suisse\",\"potentialAction\":[{\"@type\":\"SearchAction\",\"target\":{\"@type\":\"EntryPoint\",\"urlTemplate\":\"https:\/\/transparency.ch\/?s={search_term_string}\"},\"query-input\":{\"@type\":\"PropertyValueSpecification\",\"valueRequired\":true,\"valueName\":\"search_term_string\"}}],\"inLanguage\":\"fr-FR\"}]}<\/script>\n<!-- \/ Yoast SEO plugin. -->","yoast_head_json":{"title":"Secteur priv\u00e9 | Transparency International Schweiz","description":"In der Privatwirtschaft bleibt die Korruptionspr\u00e4vention und -bek\u00e4mpfung eine Herausforderung. Sowohl bei grossen Unternehmen als auch bei KMUs.","robots":{"index":"index","follow":"follow","max-snippet":"max-snippet:-1","max-image-preview":"max-image-preview:large","max-video-preview":"max-video-preview:-1"},"canonical":"https:\/\/transparency.ch\/fr\/secteur-prive\/","og_locale":"fr_FR","og_type":"article","og_title":"Secteur priv\u00e9 | Transparency International Schweiz","og_description":"In der Privatwirtschaft bleibt die Korruptionspr\u00e4vention und -bek\u00e4mpfung eine Herausforderung. Sowohl bei grossen Unternehmen als auch bei KMUs.","og_url":"https:\/\/transparency.ch\/fr\/secteur-prive\/","og_site_name":"Transparency International Suisse","article_modified_time":"2021-09-07T09:28:45+00:00","og_image":[{"width":1920,"height":600,"url":"https:\/\/transparency.ch\/wp-content\/uploads\/2017\/07\/korruption_privatwirtschaft-1-e1501149542843.jpg","type":"image\/jpeg"}],"twitter_card":"summary_large_image","twitter_misc":{"Dur\u00e9e de lecture estim\u00e9e":"1 minute"},"schema":{"@context":"https:\/\/schema.org","@graph":[{"@type":"WebPage","@id":"https:\/\/transparency.ch\/fr\/secteur-prive\/","url":"https:\/\/transparency.ch\/fr\/secteur-prive\/","name":"Secteur priv\u00e9 | Transparency International Schweiz","isPartOf":{"@id":"https:\/\/transparency.ch\/#website"},"primaryImageOfPage":{"@id":"https:\/\/transparency.ch\/fr\/secteur-prive\/#primaryimage"},"image":{"@id":"https:\/\/transparency.ch\/fr\/secteur-prive\/#primaryimage"},"thumbnailUrl":"https:\/\/transparency.ch\/wp-content\/uploads\/2017\/07\/korruption_privatwirtschaft-1-e1501149542843.jpg","datePublished":"2017-05-15T05:58:34+00:00","dateModified":"2021-09-07T09:28:45+00:00","description":"In der Privatwirtschaft bleibt die Korruptionspr\u00e4vention und -bek\u00e4mpfung eine Herausforderung. Sowohl bei grossen Unternehmen als auch bei KMUs.","breadcrumb":{"@id":"https:\/\/transparency.ch\/fr\/secteur-prive\/#breadcrumb"},"inLanguage":"fr-FR","potentialAction":[{"@type":"ReadAction","target":["https:\/\/transparency.ch\/fr\/secteur-prive\/"]}]},{"@type":"ImageObject","inLanguage":"fr-FR","@id":"https:\/\/transparency.ch\/fr\/secteur-prive\/#primaryimage","url":"https:\/\/transparency.ch\/wp-content\/uploads\/2017\/07\/korruption_privatwirtschaft-1-e1501149542843.jpg","contentUrl":"https:\/\/transparency.ch\/wp-content\/uploads\/2017\/07\/korruption_privatwirtschaft-1-e1501149542843.jpg","width":1920,"height":600},{"@type":"BreadcrumbList","@id":"https:\/\/transparency.ch\/fr\/secteur-prive\/#breadcrumb","itemListElement":[{"@type":"ListItem","position":1,"name":"Home","item":"https:\/\/transparency.ch\/fr\/"},{"@type":"ListItem","position":2,"name":"Secteur priv\u00e9"}]},{"@type":"WebSite","@id":"https:\/\/transparency.ch\/#website","url":"https:\/\/transparency.ch\/","name":"Transparency International Suisse","description":"Nous combattons la corruption en Suisse","potentialAction":[{"@type":"SearchAction","target":{"@type":"EntryPoint","urlTemplate":"https:\/\/transparency.ch\/?s={search_term_string}"},"query-input":{"@type":"PropertyValueSpecification","valueRequired":true,"valueName":"search_term_string"}}],"inLanguage":"fr-FR"}]}},"_links":{"self":[{"href":"https:\/\/transparency.ch\/fr\/wp-json\/wp\/v2\/pages\/1033"}],"collection":[{"href":"https:\/\/transparency.ch\/fr\/wp-json\/wp\/v2\/pages"}],"about":[{"href":"https:\/\/transparency.ch\/fr\/wp-json\/wp\/v2\/types\/page"}],"author":[{"embeddable":true,"href":"https:\/\/transparency.ch\/fr\/wp-json\/wp\/v2\/users\/2"}],"replies":[{"embeddable":true,"href":"https:\/\/transparency.ch\/fr\/wp-json\/wp\/v2\/comments?post=1033"}],"version-history":[{"count":36,"href":"https:\/\/transparency.ch\/fr\/wp-json\/wp\/v2\/pages\/1033\/revisions"}],"predecessor-version":[{"id":7419,"href":"https:\/\/transparency.ch\/fr\/wp-json\/wp\/v2\/pages\/1033\/revisions\/7419"}],"wp:featuredmedia":[{"embeddable":true,"href":"https:\/\/transparency.ch\/fr\/wp-json\/wp\/v2\/media\/1484"}],"wp:attachment":[{"href":"https:\/\/transparency.ch\/fr\/wp-json\/wp\/v2\/media?parent=1033"}],"curies":[{"name":"wp","href":"https:\/\/api.w.org\/{rel}","templated":true}]}}