{"id":1039,"date":"2017-05-15T05:59:53","date_gmt":"2017-05-15T05:59:53","guid":{"rendered":"http:\/\/transparency.dev4.webkoenig.ch\/?page_id=1039\/"},"modified":"2021-07-19T14:07:22","modified_gmt":"2021-07-19T12:07:22","slug":"sport","status":"publish","type":"page","link":"https:\/\/transparency.ch\/fr\/sport\/","title":{"rendered":"Sport"},"content":{"rendered":"<p>Le sport est une activit\u00e9 qui mobilise des foules et enthousiasme la population, gr\u00e2ce non seulement \u00e0 une culture associative qui l\u2019encourage depuis de longues ann\u00e9es, mais aussi au d\u00e9vouement inlassable de dizaines de milliers de b\u00e9n\u00e9voles et de cadres des clubs et des f\u00e9d\u00e9rations, qui \u0153uvrent au quotidien pour l\u2019honorabilit\u00e9, le respect, le fair-play et le succ\u00e8s du sport. Il n\u2019en reste pas moins que le sport est aussi un moteur de l\u2019\u00e9conomie\u00a0: il emploie en effet plus de 90\u00a0000\u00a0personnes et g\u00e9n\u00e8re un chiffre d\u2019affaires annuel sup\u00e9rieur \u00e0 dix milliards de francs (R\u00fctter\/Soceco, Sport et e\u0301conomie en Suisse \u2013 De l\u2019importance e\u0301conomique du sport en Suisse, 2014). Comme toute autre activit\u00e9 sociale ou \u00e9conomique, le sport est expos\u00e9 \u00e0 des risques d\u2019abus et de corruption, des risques dont l\u2019importance va croissante en fonction des enjeux \u00e9conomiques. Signalons aussi que la plupart des grandes f\u00e9d\u00e9rations sportives internationales ont leur si\u00e8ge en Suisse et que leurs agissements font presque quotidiennement la une des journaux.<\/p>\n<p>La corruption ne bafoue pas seulement le principe du fair-play, fondamental dans ce domaine\u00a0: elle sape aussi la l\u00e9gitimit\u00e9 du sport et porte pr\u00e9judice \u00e0 notre soci\u00e9t\u00e9.<\/p>\n","protected":false},"excerpt":{"rendered":"<p>Le sport est une activit\u00e9 qui mobilise des foules et enthousiasme la population, gr\u00e2ce non seulement \u00e0 une culture associative qui l\u2019encourage depuis de longues ann\u00e9es, mais aussi au d\u00e9vouement inlassable de dizaines de milliers de b\u00e9n\u00e9voles et de cadres des clubs et des f\u00e9d\u00e9rations, qui \u0153uvrent au quotidien pour l\u2019honorabilit\u00e9, le respect, le fair-play<a class=\"excerpt-read-more\" href=\"https:\/\/transparency.ch\/fr\/sport\/\" title=\"ReadSport\">&#8230; Read more &raquo;<\/a><\/p>\n","protected":false},"author":2,"featured_media":1485,"parent":0,"menu_order":0,"comment_status":"closed","ping_status":"closed","template":"","meta":{"_acf_changed":false,"footnotes":""},"acf":[],"yoast_head":"<!-- This site is optimized with the Yoast SEO plugin v23.5 - https:\/\/yoast.com\/wordpress\/plugins\/seo\/ -->\n<title>Sport | Transparency International Suisse<\/title>\n<meta name=\"robots\" content=\"index, follow, max-snippet:-1, max-image-preview:large, max-video-preview:-1\" \/>\n<link rel=\"canonical\" href=\"https:\/\/transparency.ch\/fr\/sport\/\" \/>\n<meta property=\"og:locale\" content=\"fr_FR\" \/>\n<meta property=\"og:type\" content=\"article\" \/>\n<meta property=\"og:title\" content=\"Sport | Transparency International Suisse\" \/>\n<meta property=\"og:description\" content=\"Le sport est une activit\u00e9 qui mobilise des foules et enthousiasme la population, gr\u00e2ce non seulement \u00e0 une culture associative qui l\u2019encourage depuis de longues ann\u00e9es, mais aussi au d\u00e9vouement inlassable de dizaines de milliers de b\u00e9n\u00e9voles et de cadres des clubs et des f\u00e9d\u00e9rations, qui \u0153uvrent au quotidien pour l\u2019honorabilit\u00e9, le respect, le fair-play... Read more &raquo;\" \/>\n<meta property=\"og:url\" content=\"https:\/\/transparency.ch\/fr\/sport\/\" \/>\n<meta property=\"og:site_name\" content=\"Transparency International Suisse\" \/>\n<meta property=\"article:modified_time\" content=\"2021-07-19T12:07:22+00:00\" \/>\n<meta property=\"og:image\" content=\"https:\/\/transparency.ch\/wp-content\/uploads\/2017\/07\/korruption_sport-1-e1501149585732.jpg\" \/>\n\t<meta property=\"og:image:width\" content=\"1920\" \/>\n\t<meta property=\"og:image:height\" content=\"600\" \/>\n\t<meta property=\"og:image:type\" content=\"image\/jpeg\" \/>\n<meta name=\"twitter:card\" content=\"summary_large_image\" \/>\n<meta name=\"twitter:label1\" content=\"Dur\u00e9e de lecture estim\u00e9e\" \/>\n\t<meta name=\"twitter:data1\" content=\"1 minute\" \/>\n<script type=\"application\/ld+json\" class=\"yoast-schema-graph\">{\"@context\":\"https:\/\/schema.org\",\"@graph\":[{\"@type\":\"WebPage\",\"@id\":\"https:\/\/transparency.ch\/fr\/sport\/\",\"url\":\"https:\/\/transparency.ch\/fr\/sport\/\",\"name\":\"Sport | Transparency International Suisse\",\"isPartOf\":{\"@id\":\"https:\/\/transparency.ch\/#website\"},\"primaryImageOfPage\":{\"@id\":\"https:\/\/transparency.ch\/fr\/sport\/#primaryimage\"},\"image\":{\"@id\":\"https:\/\/transparency.ch\/fr\/sport\/#primaryimage\"},\"thumbnailUrl\":\"https:\/\/transparency.ch\/wp-content\/uploads\/2017\/07\/korruption_sport-1-e1501149585732.jpg\",\"datePublished\":\"2017-05-15T05:59:53+00:00\",\"dateModified\":\"2021-07-19T12:07:22+00:00\",\"breadcrumb\":{\"@id\":\"https:\/\/transparency.ch\/fr\/sport\/#breadcrumb\"},\"inLanguage\":\"fr-FR\",\"potentialAction\":[{\"@type\":\"ReadAction\",\"target\":[\"https:\/\/transparency.ch\/fr\/sport\/\"]}]},{\"@type\":\"ImageObject\",\"inLanguage\":\"fr-FR\",\"@id\":\"https:\/\/transparency.ch\/fr\/sport\/#primaryimage\",\"url\":\"https:\/\/transparency.ch\/wp-content\/uploads\/2017\/07\/korruption_sport-1-e1501149585732.jpg\",\"contentUrl\":\"https:\/\/transparency.ch\/wp-content\/uploads\/2017\/07\/korruption_sport-1-e1501149585732.jpg\",\"width\":1920,\"height\":600},{\"@type\":\"BreadcrumbList\",\"@id\":\"https:\/\/transparency.ch\/fr\/sport\/#breadcrumb\",\"itemListElement\":[{\"@type\":\"ListItem\",\"position\":1,\"name\":\"Home\",\"item\":\"https:\/\/transparency.ch\/fr\/\"},{\"@type\":\"ListItem\",\"position\":2,\"name\":\"Sport\"}]},{\"@type\":\"WebSite\",\"@id\":\"https:\/\/transparency.ch\/#website\",\"url\":\"https:\/\/transparency.ch\/\",\"name\":\"Transparency International Suisse\",\"description\":\"Nous combattons la corruption en Suisse\",\"potentialAction\":[{\"@type\":\"SearchAction\",\"target\":{\"@type\":\"EntryPoint\",\"urlTemplate\":\"https:\/\/transparency.ch\/?s={search_term_string}\"},\"query-input\":{\"@type\":\"PropertyValueSpecification\",\"valueRequired\":true,\"valueName\":\"search_term_string\"}}],\"inLanguage\":\"fr-FR\"}]}<\/script>\n<!-- \/ Yoast SEO plugin. -->","yoast_head_json":{"title":"Sport | Transparency International Suisse","robots":{"index":"index","follow":"follow","max-snippet":"max-snippet:-1","max-image-preview":"max-image-preview:large","max-video-preview":"max-video-preview:-1"},"canonical":"https:\/\/transparency.ch\/fr\/sport\/","og_locale":"fr_FR","og_type":"article","og_title":"Sport | Transparency International Suisse","og_description":"Le sport est une activit\u00e9 qui mobilise des foules et enthousiasme la population, gr\u00e2ce non seulement \u00e0 une culture associative qui l\u2019encourage depuis de longues ann\u00e9es, mais aussi au d\u00e9vouement inlassable de dizaines de milliers de b\u00e9n\u00e9voles et de cadres des clubs et des f\u00e9d\u00e9rations, qui \u0153uvrent au quotidien pour l\u2019honorabilit\u00e9, le respect, le fair-play... Read more &raquo;","og_url":"https:\/\/transparency.ch\/fr\/sport\/","og_site_name":"Transparency International Suisse","article_modified_time":"2021-07-19T12:07:22+00:00","og_image":[{"width":1920,"height":600,"url":"https:\/\/transparency.ch\/wp-content\/uploads\/2017\/07\/korruption_sport-1-e1501149585732.jpg","type":"image\/jpeg"}],"twitter_card":"summary_large_image","twitter_misc":{"Dur\u00e9e de lecture estim\u00e9e":"1 minute"},"schema":{"@context":"https:\/\/schema.org","@graph":[{"@type":"WebPage","@id":"https:\/\/transparency.ch\/fr\/sport\/","url":"https:\/\/transparency.ch\/fr\/sport\/","name":"Sport | Transparency International Suisse","isPartOf":{"@id":"https:\/\/transparency.ch\/#website"},"primaryImageOfPage":{"@id":"https:\/\/transparency.ch\/fr\/sport\/#primaryimage"},"image":{"@id":"https:\/\/transparency.ch\/fr\/sport\/#primaryimage"},"thumbnailUrl":"https:\/\/transparency.ch\/wp-content\/uploads\/2017\/07\/korruption_sport-1-e1501149585732.jpg","datePublished":"2017-05-15T05:59:53+00:00","dateModified":"2021-07-19T12:07:22+00:00","breadcrumb":{"@id":"https:\/\/transparency.ch\/fr\/sport\/#breadcrumb"},"inLanguage":"fr-FR","potentialAction":[{"@type":"ReadAction","target":["https:\/\/transparency.ch\/fr\/sport\/"]}]},{"@type":"ImageObject","inLanguage":"fr-FR","@id":"https:\/\/transparency.ch\/fr\/sport\/#primaryimage","url":"https:\/\/transparency.ch\/wp-content\/uploads\/2017\/07\/korruption_sport-1-e1501149585732.jpg","contentUrl":"https:\/\/transparency.ch\/wp-content\/uploads\/2017\/07\/korruption_sport-1-e1501149585732.jpg","width":1920,"height":600},{"@type":"BreadcrumbList","@id":"https:\/\/transparency.ch\/fr\/sport\/#breadcrumb","itemListElement":[{"@type":"ListItem","position":1,"name":"Home","item":"https:\/\/transparency.ch\/fr\/"},{"@type":"ListItem","position":2,"name":"Sport"}]},{"@type":"WebSite","@id":"https:\/\/transparency.ch\/#website","url":"https:\/\/transparency.ch\/","name":"Transparency International Suisse","description":"Nous combattons la corruption en Suisse","potentialAction":[{"@type":"SearchAction","target":{"@type":"EntryPoint","urlTemplate":"https:\/\/transparency.ch\/?s={search_term_string}"},"query-input":{"@type":"PropertyValueSpecification","valueRequired":true,"valueName":"search_term_string"}}],"inLanguage":"fr-FR"}]}},"_links":{"self":[{"href":"https:\/\/transparency.ch\/fr\/wp-json\/wp\/v2\/pages\/1039"}],"collection":[{"href":"https:\/\/transparency.ch\/fr\/wp-json\/wp\/v2\/pages"}],"about":[{"href":"https:\/\/transparency.ch\/fr\/wp-json\/wp\/v2\/types\/page"}],"author":[{"embeddable":true,"href":"https:\/\/transparency.ch\/fr\/wp-json\/wp\/v2\/users\/2"}],"replies":[{"embeddable":true,"href":"https:\/\/transparency.ch\/fr\/wp-json\/wp\/v2\/comments?post=1039"}],"version-history":[{"count":14,"href":"https:\/\/transparency.ch\/fr\/wp-json\/wp\/v2\/pages\/1039\/revisions"}],"predecessor-version":[{"id":7203,"href":"https:\/\/transparency.ch\/fr\/wp-json\/wp\/v2\/pages\/1039\/revisions\/7203"}],"wp:featuredmedia":[{"embeddable":true,"href":"https:\/\/transparency.ch\/fr\/wp-json\/wp\/v2\/media\/1485"}],"wp:attachment":[{"href":"https:\/\/transparency.ch\/fr\/wp-json\/wp\/v2\/media?parent=1039"}],"curies":[{"name":"wp","href":"https:\/\/api.w.org\/{rel}","templated":true}]}}