{"id":1043,"date":"2017-05-15T05:59:20","date_gmt":"2017-05-15T05:59:20","guid":{"rendered":"http:\/\/transparency.dev4.webkoenig.ch\/?page_id=1043\/"},"modified":"2022-10-14T10:33:29","modified_gmt":"2022-10-14T08:33:29","slug":"alerte-ethique","status":"publish","type":"page","link":"https:\/\/transparency.ch\/fr\/alerte-ethique\/","title":{"rendered":"Alerte \u00e9thique"},"content":{"rendered":"<p>Il ne se passe gu\u00e8re un jour sans qu\u2019une affaire de corruption ou d\u2019autres pratiques abusives du monde politique ou \u00e9conomique d\u00e9fraient la chronique. Et ces affaires ne constituent que la pointe de l\u2019iceberg, car le pourcentage de cas non signal\u00e9s est sans doute tr\u00e8s \u00e9lev\u00e9. Le propre de la corruption r\u00e9side pr\u00e9cis\u00e9ment dans son caract\u00e8re occulte, notamment parce qu\u2019elle n\u2019occasionne que des dommages indirects : toutes les parties impliqu\u00e9es tirent parti de l\u2019intrigue et ont avantage \u00e0 la garder secr\u00e8te. C\u2019est dire l\u2019importance des lanceurs-euses d\u2019alerte pour la lutte contre la corruption. Ce n\u2019est en effet que gr\u00e2ce \u00e0 eux que de nombreuses affaires ont \u00e9t\u00e9 mises au jour. Les lanceurs-euses d\u2019alerte \u2013 ou whistleblowers \u2013 sont des personnes qui d\u00e9noncent ou signalent une affaire de corruption ou un autre acte illicite. Ce faisant, ils s\u2019exposent \u00e0 un licenciement, au m\u00e9pris de leurs semblables et parfois m\u00eame \u00e0 des poursuites p\u00e9nales.<\/p>\n<p>Un <a href=\"https:\/\/youtu.be\/fpSTEF94Moc\">reportage<\/a> de Pax Helvetica documente la protection insuffisante des lanceurs-euses d&rsquo;alerte en Suisse. Martin Hilti, directeur de Transparency Suisse, y explique les lacunes de la loi et leurs cons\u00e9quences.<\/p>\n","protected":false},"excerpt":{"rendered":"<p>Il ne se passe gu\u00e8re un jour sans qu\u2019une affaire de corruption ou d\u2019autres pratiques abusives du monde politique ou \u00e9conomique d\u00e9fraient la chronique. Et ces affaires ne constituent que la pointe de l\u2019iceberg, car le pourcentage de cas non signal\u00e9s est sans doute tr\u00e8s \u00e9lev\u00e9. Le propre de la corruption r\u00e9side pr\u00e9cis\u00e9ment dans son<a class=\"excerpt-read-more\" href=\"https:\/\/transparency.ch\/fr\/alerte-ethique\/\" title=\"ReadAlerte \u00e9thique\">&#8230; Read more &raquo;<\/a><\/p>\n","protected":false},"author":2,"featured_media":1486,"parent":0,"menu_order":0,"comment_status":"closed","ping_status":"closed","template":"","meta":{"_acf_changed":false,"footnotes":""},"acf":[],"yoast_head":"<!-- This site is optimized with the Yoast SEO plugin v23.5 - https:\/\/yoast.com\/wordpress\/plugins\/seo\/ -->\n<title>Alerte \u00e9thique | Transparency International Suisse<\/title>\n<meta name=\"robots\" content=\"index, follow, max-snippet:-1, max-image-preview:large, max-video-preview:-1\" \/>\n<link rel=\"canonical\" href=\"https:\/\/transparency.ch\/fr\/alerte-ethique\/\" \/>\n<meta property=\"og:locale\" content=\"fr_FR\" \/>\n<meta property=\"og:type\" content=\"article\" \/>\n<meta property=\"og:title\" content=\"Alerte \u00e9thique | Transparency International Suisse\" \/>\n<meta property=\"og:description\" content=\"Il ne se passe gu\u00e8re un jour sans qu\u2019une affaire de corruption ou d\u2019autres pratiques abusives du monde politique ou \u00e9conomique d\u00e9fraient la chronique. Et ces affaires ne constituent que la pointe de l\u2019iceberg, car le pourcentage de cas non signal\u00e9s est sans doute tr\u00e8s \u00e9lev\u00e9. Le propre de la corruption r\u00e9side pr\u00e9cis\u00e9ment dans son... Read more &raquo;\" \/>\n<meta property=\"og:url\" content=\"https:\/\/transparency.ch\/fr\/alerte-ethique\/\" \/>\n<meta property=\"og:site_name\" content=\"Transparency International Suisse\" \/>\n<meta property=\"article:modified_time\" content=\"2022-10-14T08:33:29+00:00\" \/>\n<meta property=\"og:image\" content=\"https:\/\/transparency.ch\/wp-content\/uploads\/2017\/07\/korruption_whistleblowing-e1501149695783.jpg\" \/>\n\t<meta property=\"og:image:width\" content=\"1920\" \/>\n\t<meta property=\"og:image:height\" content=\"600\" \/>\n\t<meta property=\"og:image:type\" content=\"image\/jpeg\" \/>\n<meta name=\"twitter:card\" content=\"summary_large_image\" \/>\n<meta name=\"twitter:label1\" content=\"Dur\u00e9e de lecture estim\u00e9e\" \/>\n\t<meta name=\"twitter:data1\" content=\"1 minute\" \/>\n<script type=\"application\/ld+json\" class=\"yoast-schema-graph\">{\"@context\":\"https:\/\/schema.org\",\"@graph\":[{\"@type\":\"WebPage\",\"@id\":\"https:\/\/transparency.ch\/fr\/alerte-ethique\/\",\"url\":\"https:\/\/transparency.ch\/fr\/alerte-ethique\/\",\"name\":\"Alerte \u00e9thique | Transparency International Suisse\",\"isPartOf\":{\"@id\":\"https:\/\/transparency.ch\/#website\"},\"primaryImageOfPage\":{\"@id\":\"https:\/\/transparency.ch\/fr\/alerte-ethique\/#primaryimage\"},\"image\":{\"@id\":\"https:\/\/transparency.ch\/fr\/alerte-ethique\/#primaryimage\"},\"thumbnailUrl\":\"https:\/\/transparency.ch\/wp-content\/uploads\/2017\/07\/korruption_whistleblowing-e1501149695783.jpg\",\"datePublished\":\"2017-05-15T05:59:20+00:00\",\"dateModified\":\"2022-10-14T08:33:29+00:00\",\"breadcrumb\":{\"@id\":\"https:\/\/transparency.ch\/fr\/alerte-ethique\/#breadcrumb\"},\"inLanguage\":\"fr-FR\",\"potentialAction\":[{\"@type\":\"ReadAction\",\"target\":[\"https:\/\/transparency.ch\/fr\/alerte-ethique\/\"]}]},{\"@type\":\"ImageObject\",\"inLanguage\":\"fr-FR\",\"@id\":\"https:\/\/transparency.ch\/fr\/alerte-ethique\/#primaryimage\",\"url\":\"https:\/\/transparency.ch\/wp-content\/uploads\/2017\/07\/korruption_whistleblowing-e1501149695783.jpg\",\"contentUrl\":\"https:\/\/transparency.ch\/wp-content\/uploads\/2017\/07\/korruption_whistleblowing-e1501149695783.jpg\",\"width\":1920,\"height\":600},{\"@type\":\"BreadcrumbList\",\"@id\":\"https:\/\/transparency.ch\/fr\/alerte-ethique\/#breadcrumb\",\"itemListElement\":[{\"@type\":\"ListItem\",\"position\":1,\"name\":\"Home\",\"item\":\"https:\/\/transparency.ch\/fr\/\"},{\"@type\":\"ListItem\",\"position\":2,\"name\":\"Alerte \u00e9thique\"}]},{\"@type\":\"WebSite\",\"@id\":\"https:\/\/transparency.ch\/#website\",\"url\":\"https:\/\/transparency.ch\/\",\"name\":\"Transparency International Suisse\",\"description\":\"Nous combattons la corruption en Suisse\",\"potentialAction\":[{\"@type\":\"SearchAction\",\"target\":{\"@type\":\"EntryPoint\",\"urlTemplate\":\"https:\/\/transparency.ch\/?s={search_term_string}\"},\"query-input\":{\"@type\":\"PropertyValueSpecification\",\"valueRequired\":true,\"valueName\":\"search_term_string\"}}],\"inLanguage\":\"fr-FR\"}]}<\/script>\n<!-- \/ Yoast SEO plugin. -->","yoast_head_json":{"title":"Alerte \u00e9thique | Transparency International Suisse","robots":{"index":"index","follow":"follow","max-snippet":"max-snippet:-1","max-image-preview":"max-image-preview:large","max-video-preview":"max-video-preview:-1"},"canonical":"https:\/\/transparency.ch\/fr\/alerte-ethique\/","og_locale":"fr_FR","og_type":"article","og_title":"Alerte \u00e9thique | Transparency International Suisse","og_description":"Il ne se passe gu\u00e8re un jour sans qu\u2019une affaire de corruption ou d\u2019autres pratiques abusives du monde politique ou \u00e9conomique d\u00e9fraient la chronique. Et ces affaires ne constituent que la pointe de l\u2019iceberg, car le pourcentage de cas non signal\u00e9s est sans doute tr\u00e8s \u00e9lev\u00e9. Le propre de la corruption r\u00e9side pr\u00e9cis\u00e9ment dans son... Read more &raquo;","og_url":"https:\/\/transparency.ch\/fr\/alerte-ethique\/","og_site_name":"Transparency International Suisse","article_modified_time":"2022-10-14T08:33:29+00:00","og_image":[{"width":1920,"height":600,"url":"https:\/\/transparency.ch\/wp-content\/uploads\/2017\/07\/korruption_whistleblowing-e1501149695783.jpg","type":"image\/jpeg"}],"twitter_card":"summary_large_image","twitter_misc":{"Dur\u00e9e de lecture estim\u00e9e":"1 minute"},"schema":{"@context":"https:\/\/schema.org","@graph":[{"@type":"WebPage","@id":"https:\/\/transparency.ch\/fr\/alerte-ethique\/","url":"https:\/\/transparency.ch\/fr\/alerte-ethique\/","name":"Alerte \u00e9thique | Transparency International Suisse","isPartOf":{"@id":"https:\/\/transparency.ch\/#website"},"primaryImageOfPage":{"@id":"https:\/\/transparency.ch\/fr\/alerte-ethique\/#primaryimage"},"image":{"@id":"https:\/\/transparency.ch\/fr\/alerte-ethique\/#primaryimage"},"thumbnailUrl":"https:\/\/transparency.ch\/wp-content\/uploads\/2017\/07\/korruption_whistleblowing-e1501149695783.jpg","datePublished":"2017-05-15T05:59:20+00:00","dateModified":"2022-10-14T08:33:29+00:00","breadcrumb":{"@id":"https:\/\/transparency.ch\/fr\/alerte-ethique\/#breadcrumb"},"inLanguage":"fr-FR","potentialAction":[{"@type":"ReadAction","target":["https:\/\/transparency.ch\/fr\/alerte-ethique\/"]}]},{"@type":"ImageObject","inLanguage":"fr-FR","@id":"https:\/\/transparency.ch\/fr\/alerte-ethique\/#primaryimage","url":"https:\/\/transparency.ch\/wp-content\/uploads\/2017\/07\/korruption_whistleblowing-e1501149695783.jpg","contentUrl":"https:\/\/transparency.ch\/wp-content\/uploads\/2017\/07\/korruption_whistleblowing-e1501149695783.jpg","width":1920,"height":600},{"@type":"BreadcrumbList","@id":"https:\/\/transparency.ch\/fr\/alerte-ethique\/#breadcrumb","itemListElement":[{"@type":"ListItem","position":1,"name":"Home","item":"https:\/\/transparency.ch\/fr\/"},{"@type":"ListItem","position":2,"name":"Alerte \u00e9thique"}]},{"@type":"WebSite","@id":"https:\/\/transparency.ch\/#website","url":"https:\/\/transparency.ch\/","name":"Transparency International Suisse","description":"Nous combattons la corruption en Suisse","potentialAction":[{"@type":"SearchAction","target":{"@type":"EntryPoint","urlTemplate":"https:\/\/transparency.ch\/?s={search_term_string}"},"query-input":{"@type":"PropertyValueSpecification","valueRequired":true,"valueName":"search_term_string"}}],"inLanguage":"fr-FR"}]}},"_links":{"self":[{"href":"https:\/\/transparency.ch\/fr\/wp-json\/wp\/v2\/pages\/1043"}],"collection":[{"href":"https:\/\/transparency.ch\/fr\/wp-json\/wp\/v2\/pages"}],"about":[{"href":"https:\/\/transparency.ch\/fr\/wp-json\/wp\/v2\/types\/page"}],"author":[{"embeddable":true,"href":"https:\/\/transparency.ch\/fr\/wp-json\/wp\/v2\/users\/2"}],"replies":[{"embeddable":true,"href":"https:\/\/transparency.ch\/fr\/wp-json\/wp\/v2\/comments?post=1043"}],"version-history":[{"count":20,"href":"https:\/\/transparency.ch\/fr\/wp-json\/wp\/v2\/pages\/1043\/revisions"}],"predecessor-version":[{"id":8010,"href":"https:\/\/transparency.ch\/fr\/wp-json\/wp\/v2\/pages\/1043\/revisions\/8010"}],"wp:featuredmedia":[{"embeddable":true,"href":"https:\/\/transparency.ch\/fr\/wp-json\/wp\/v2\/media\/1486"}],"wp:attachment":[{"href":"https:\/\/transparency.ch\/fr\/wp-json\/wp\/v2\/media?parent=1043"}],"curies":[{"name":"wp","href":"https:\/\/api.w.org\/{rel}","templated":true}]}}