{"id":7213,"date":"2021-07-28T15:13:26","date_gmt":"2021-07-28T13:13:26","guid":{"rendered":"https:\/\/transparency.ch\/?page_id=7213"},"modified":"2021-10-18T14:47:03","modified_gmt":"2021-10-18T12:47:03","slug":"droit-penal-de-la-corruption","status":"publish","type":"page","link":"https:\/\/transparency.ch\/fr\/droit-penal-de-la-corruption\/","title":{"rendered":"Droit p\u00e9nal de la corruption"},"content":{"rendered":"<p>Les formes particuli\u00e8rement r\u00e9pr\u00e9hensibles de corruption sont condamn\u00e9es p\u00e9nalement en Suisse. Bien que les infractions correspondantes soient depuis longtemps en vigueur, le nombre de condamnations reste faible. Du point de vue de la pr\u00e9vention et de la lutte contre la corruption, mais aussi au niveau social ainsi que sous l\u2019angle du respect de l\u2019\u00c9tat de droit, cela est insatisfaisant, surtout parce que la d\u00e9linquance r\u00e9elle est bien plus importante, ce qui est particuli\u00e8rement visible dans le droit p\u00e9nal de l\u2019entreprise (Responsabilit\u00e9 de l\u2019entreprise et d\u2019autres personnes juridiques en cas d\u2019infractions graves comme la corruption ou le blanchiment d\u2019argent, art.\u00a0102 Code p\u00e9nal).<\/p>\n","protected":false},"excerpt":{"rendered":"<p>Les formes particuli\u00e8rement r\u00e9pr\u00e9hensibles de corruption sont condamn\u00e9es p\u00e9nalement en Suisse. Bien que les infractions correspondantes soient depuis longtemps en vigueur, le nombre de condamnations reste faible. Du point de vue de la pr\u00e9vention et de la lutte contre la corruption, mais aussi au niveau social ainsi que sous l\u2019angle du respect de l\u2019\u00c9tat de<a class=\"excerpt-read-more\" href=\"https:\/\/transparency.ch\/fr\/droit-penal-de-la-corruption\/\" title=\"ReadDroit p\u00e9nal de la corruption\">&#8230; Read more &raquo;<\/a><\/p>\n","protected":false},"author":3,"featured_media":7206,"parent":0,"menu_order":0,"comment_status":"closed","ping_status":"closed","template":"","meta":{"_acf_changed":false,"footnotes":""},"acf":[],"yoast_head":"<!-- This site is optimized with the Yoast SEO plugin v23.5 - https:\/\/yoast.com\/wordpress\/plugins\/seo\/ -->\n<title>Droit p\u00e9nal de la corruption - Transparency International Suisse<\/title>\n<meta name=\"robots\" content=\"index, follow, max-snippet:-1, max-image-preview:large, max-video-preview:-1\" \/>\n<link rel=\"canonical\" href=\"https:\/\/transparency.ch\/fr\/droit-penal-de-la-corruption\/\" \/>\n<meta property=\"og:locale\" content=\"fr_FR\" \/>\n<meta property=\"og:type\" content=\"article\" \/>\n<meta property=\"og:title\" content=\"Droit p\u00e9nal de la corruption - Transparency International Suisse\" \/>\n<meta property=\"og:description\" content=\"Les formes particuli\u00e8rement r\u00e9pr\u00e9hensibles de corruption sont condamn\u00e9es p\u00e9nalement en Suisse. Bien que les infractions correspondantes soient depuis longtemps en vigueur, le nombre de condamnations reste faible. Du point de vue de la pr\u00e9vention et de la lutte contre la corruption, mais aussi au niveau social ainsi que sous l\u2019angle du respect de l\u2019\u00c9tat de... Read more &raquo;\" \/>\n<meta property=\"og:url\" content=\"https:\/\/transparency.ch\/fr\/droit-penal-de-la-corruption\/\" \/>\n<meta property=\"og:site_name\" content=\"Transparency International Suisse\" \/>\n<meta property=\"article:modified_time\" content=\"2021-10-18T12:47:03+00:00\" \/>\n<meta property=\"og:image\" content=\"https:\/\/transparency.ch\/wp-content\/uploads\/2021\/07\/korruptionsstrafrecht.jpeg\" \/>\n\t<meta property=\"og:image:width\" content=\"1920\" \/>\n\t<meta property=\"og:image:height\" content=\"600\" \/>\n\t<meta property=\"og:image:type\" content=\"image\/jpeg\" \/>\n<meta name=\"twitter:card\" content=\"summary_large_image\" \/>\n<meta name=\"twitter:label1\" content=\"Dur\u00e9e de lecture estim\u00e9e\" \/>\n\t<meta name=\"twitter:data1\" content=\"1 minute\" \/>\n<script type=\"application\/ld+json\" class=\"yoast-schema-graph\">{\"@context\":\"https:\/\/schema.org\",\"@graph\":[{\"@type\":\"WebPage\",\"@id\":\"https:\/\/transparency.ch\/fr\/droit-penal-de-la-corruption\/\",\"url\":\"https:\/\/transparency.ch\/fr\/droit-penal-de-la-corruption\/\",\"name\":\"Droit p\u00e9nal de la corruption - Transparency International Suisse\",\"isPartOf\":{\"@id\":\"https:\/\/transparency.ch\/#website\"},\"primaryImageOfPage\":{\"@id\":\"https:\/\/transparency.ch\/fr\/droit-penal-de-la-corruption\/#primaryimage\"},\"image\":{\"@id\":\"https:\/\/transparency.ch\/fr\/droit-penal-de-la-corruption\/#primaryimage\"},\"thumbnailUrl\":\"https:\/\/transparency.ch\/wp-content\/uploads\/2021\/07\/korruptionsstrafrecht.jpeg\",\"datePublished\":\"2021-07-28T13:13:26+00:00\",\"dateModified\":\"2021-10-18T12:47:03+00:00\",\"breadcrumb\":{\"@id\":\"https:\/\/transparency.ch\/fr\/droit-penal-de-la-corruption\/#breadcrumb\"},\"inLanguage\":\"fr-FR\",\"potentialAction\":[{\"@type\":\"ReadAction\",\"target\":[\"https:\/\/transparency.ch\/fr\/droit-penal-de-la-corruption\/\"]}]},{\"@type\":\"ImageObject\",\"inLanguage\":\"fr-FR\",\"@id\":\"https:\/\/transparency.ch\/fr\/droit-penal-de-la-corruption\/#primaryimage\",\"url\":\"https:\/\/transparency.ch\/wp-content\/uploads\/2021\/07\/korruptionsstrafrecht.jpeg\",\"contentUrl\":\"https:\/\/transparency.ch\/wp-content\/uploads\/2021\/07\/korruptionsstrafrecht.jpeg\",\"width\":1920,\"height\":600},{\"@type\":\"BreadcrumbList\",\"@id\":\"https:\/\/transparency.ch\/fr\/droit-penal-de-la-corruption\/#breadcrumb\",\"itemListElement\":[{\"@type\":\"ListItem\",\"position\":1,\"name\":\"Home\",\"item\":\"https:\/\/transparency.ch\/fr\/\"},{\"@type\":\"ListItem\",\"position\":2,\"name\":\"Droit p\u00e9nal de la corruption\"}]},{\"@type\":\"WebSite\",\"@id\":\"https:\/\/transparency.ch\/#website\",\"url\":\"https:\/\/transparency.ch\/\",\"name\":\"Transparency International Suisse\",\"description\":\"Nous combattons la corruption en Suisse\",\"potentialAction\":[{\"@type\":\"SearchAction\",\"target\":{\"@type\":\"EntryPoint\",\"urlTemplate\":\"https:\/\/transparency.ch\/?s={search_term_string}\"},\"query-input\":{\"@type\":\"PropertyValueSpecification\",\"valueRequired\":true,\"valueName\":\"search_term_string\"}}],\"inLanguage\":\"fr-FR\"}]}<\/script>\n<!-- \/ Yoast SEO plugin. -->","yoast_head_json":{"title":"Droit p\u00e9nal de la corruption - Transparency International Suisse","robots":{"index":"index","follow":"follow","max-snippet":"max-snippet:-1","max-image-preview":"max-image-preview:large","max-video-preview":"max-video-preview:-1"},"canonical":"https:\/\/transparency.ch\/fr\/droit-penal-de-la-corruption\/","og_locale":"fr_FR","og_type":"article","og_title":"Droit p\u00e9nal de la corruption - Transparency International Suisse","og_description":"Les formes particuli\u00e8rement r\u00e9pr\u00e9hensibles de corruption sont condamn\u00e9es p\u00e9nalement en Suisse. Bien que les infractions correspondantes soient depuis longtemps en vigueur, le nombre de condamnations reste faible. Du point de vue de la pr\u00e9vention et de la lutte contre la corruption, mais aussi au niveau social ainsi que sous l\u2019angle du respect de l\u2019\u00c9tat de... Read more &raquo;","og_url":"https:\/\/transparency.ch\/fr\/droit-penal-de-la-corruption\/","og_site_name":"Transparency International Suisse","article_modified_time":"2021-10-18T12:47:03+00:00","og_image":[{"width":1920,"height":600,"url":"https:\/\/transparency.ch\/wp-content\/uploads\/2021\/07\/korruptionsstrafrecht.jpeg","type":"image\/jpeg"}],"twitter_card":"summary_large_image","twitter_misc":{"Dur\u00e9e de lecture estim\u00e9e":"1 minute"},"schema":{"@context":"https:\/\/schema.org","@graph":[{"@type":"WebPage","@id":"https:\/\/transparency.ch\/fr\/droit-penal-de-la-corruption\/","url":"https:\/\/transparency.ch\/fr\/droit-penal-de-la-corruption\/","name":"Droit p\u00e9nal de la corruption - Transparency International Suisse","isPartOf":{"@id":"https:\/\/transparency.ch\/#website"},"primaryImageOfPage":{"@id":"https:\/\/transparency.ch\/fr\/droit-penal-de-la-corruption\/#primaryimage"},"image":{"@id":"https:\/\/transparency.ch\/fr\/droit-penal-de-la-corruption\/#primaryimage"},"thumbnailUrl":"https:\/\/transparency.ch\/wp-content\/uploads\/2021\/07\/korruptionsstrafrecht.jpeg","datePublished":"2021-07-28T13:13:26+00:00","dateModified":"2021-10-18T12:47:03+00:00","breadcrumb":{"@id":"https:\/\/transparency.ch\/fr\/droit-penal-de-la-corruption\/#breadcrumb"},"inLanguage":"fr-FR","potentialAction":[{"@type":"ReadAction","target":["https:\/\/transparency.ch\/fr\/droit-penal-de-la-corruption\/"]}]},{"@type":"ImageObject","inLanguage":"fr-FR","@id":"https:\/\/transparency.ch\/fr\/droit-penal-de-la-corruption\/#primaryimage","url":"https:\/\/transparency.ch\/wp-content\/uploads\/2021\/07\/korruptionsstrafrecht.jpeg","contentUrl":"https:\/\/transparency.ch\/wp-content\/uploads\/2021\/07\/korruptionsstrafrecht.jpeg","width":1920,"height":600},{"@type":"BreadcrumbList","@id":"https:\/\/transparency.ch\/fr\/droit-penal-de-la-corruption\/#breadcrumb","itemListElement":[{"@type":"ListItem","position":1,"name":"Home","item":"https:\/\/transparency.ch\/fr\/"},{"@type":"ListItem","position":2,"name":"Droit p\u00e9nal de la corruption"}]},{"@type":"WebSite","@id":"https:\/\/transparency.ch\/#website","url":"https:\/\/transparency.ch\/","name":"Transparency International Suisse","description":"Nous combattons la corruption en Suisse","potentialAction":[{"@type":"SearchAction","target":{"@type":"EntryPoint","urlTemplate":"https:\/\/transparency.ch\/?s={search_term_string}"},"query-input":{"@type":"PropertyValueSpecification","valueRequired":true,"valueName":"search_term_string"}}],"inLanguage":"fr-FR"}]}},"_links":{"self":[{"href":"https:\/\/transparency.ch\/fr\/wp-json\/wp\/v2\/pages\/7213"}],"collection":[{"href":"https:\/\/transparency.ch\/fr\/wp-json\/wp\/v2\/pages"}],"about":[{"href":"https:\/\/transparency.ch\/fr\/wp-json\/wp\/v2\/types\/page"}],"author":[{"embeddable":true,"href":"https:\/\/transparency.ch\/fr\/wp-json\/wp\/v2\/users\/3"}],"replies":[{"embeddable":true,"href":"https:\/\/transparency.ch\/fr\/wp-json\/wp\/v2\/comments?post=7213"}],"version-history":[{"count":4,"href":"https:\/\/transparency.ch\/fr\/wp-json\/wp\/v2\/pages\/7213\/revisions"}],"predecessor-version":[{"id":7501,"href":"https:\/\/transparency.ch\/fr\/wp-json\/wp\/v2\/pages\/7213\/revisions\/7501"}],"wp:featuredmedia":[{"embeddable":true,"href":"https:\/\/transparency.ch\/fr\/wp-json\/wp\/v2\/media\/7206"}],"wp:attachment":[{"href":"https:\/\/transparency.ch\/fr\/wp-json\/wp\/v2\/media?parent=7213"}],"curies":[{"name":"wp","href":"https:\/\/api.w.org\/{rel}","templated":true}]}}